
{"id":143,"date":"2025-05-27T17:09:29","date_gmt":"2025-05-27T20:09:29","guid":{"rendered":"https:\/\/empresa.bellanetfiber.com.br\/?post_type=product&#038;p=143"},"modified":"2026-03-03T13:33:30","modified_gmt":"2026-03-03T16:33:30","slug":"alcool-em-gel-70-inpm-5-litros-valencia","status":"publish","type":"product","link":"https:\/\/bellanetfiber.com.br\/multiuso\/product\/alcool-em-gel-70-inpm-5-litros-valencia\/","title":{"rendered":"Alcool em Gel 70% INPM 5 litros \u2013 Valencia"},"content":{"rendered":"","protected":false},"excerpt":{"rendered":"<p><strong style=\"padding: 0px;margin: 0px;font-family: Roboto\" data-mce-style=\"padding: 0px; margin: 0px; font-family: Roboto;\">Ideal para manter as m\u00e3os livres de germes. Higieniza suas m\u00e3os sem \u00e1gua, sab\u00e3o e toalha, matando 99,9% dos germes comuns. Aprovado pela ANVISA .<\/strong><\/p>\n","protected":false},"featured_media":173,"comment_status":"closed","ping_status":"closed","template":"","meta":[],"product_brand":[],"product_cat":[26],"product_tag":[],"class_list":{"0":"post-143","1":"product","2":"type-product","3":"status-publish","4":"has-post-thumbnail","6":"product_cat-higiene","8":"first","9":"instock","10":"shipping-taxable","11":"purchasable","12":"product-type-simple"},"_links":{"self":[{"href":"https:\/\/bellanetfiber.com.br\/multiuso\/wp-json\/wp\/v2\/product\/143","targetHints":{"allow":["GET"]}}],"collection":[{"href":"https:\/\/bellanetfiber.com.br\/multiuso\/wp-json\/wp\/v2\/product"}],"about":[{"href":"https:\/\/bellanetfiber.com.br\/multiuso\/wp-json\/wp\/v2\/types\/product"}],"replies":[{"embeddable":true,"href":"https:\/\/bellanetfiber.com.br\/multiuso\/wp-json\/wp\/v2\/comments?post=143"}],"version-history":[{"count":2,"href":"https:\/\/bellanetfiber.com.br\/multiuso\/wp-json\/wp\/v2\/product\/143\/revisions"}],"predecessor-version":[{"id":76803,"href":"https:\/\/bellanetfiber.com.br\/multiuso\/wp-json\/wp\/v2\/product\/143\/revisions\/76803"}],"wp:featuredmedia":[{"embeddable":true,"href":"https:\/\/bellanetfiber.com.br\/multiuso\/wp-json\/wp\/v2\/media\/173"}],"wp:attachment":[{"href":"https:\/\/bellanetfiber.com.br\/multiuso\/wp-json\/wp\/v2\/media?parent=143"}],"wp:term":[{"taxonomy":"product_brand","embeddable":true,"href":"https:\/\/bellanetfiber.com.br\/multiuso\/wp-json\/wp\/v2\/product_brand?post=143"},{"taxonomy":"product_cat","embeddable":true,"href":"https:\/\/bellanetfiber.com.br\/multiuso\/wp-json\/wp\/v2\/product_cat?post=143"},{"taxonomy":"product_tag","embeddable":true,"href":"https:\/\/bellanetfiber.com.br\/multiuso\/wp-json\/wp\/v2\/product_tag?post=143"}],"curies":[{"name":"wp","href":"https:\/\/api.w.org\/{rel}","templated":true}]}}