
{"id":374,"date":"2025-05-27T17:10:09","date_gmt":"2025-05-27T20:10:09","guid":{"rendered":"https:\/\/empresa.bellanetfiber.com.br\/?post_type=product&#038;p=374"},"modified":"2026-01-05T12:02:21","modified_gmt":"2026-01-05T15:02:21","slug":"s-tampa-marmitex-isopor-102m-750ml","status":"publish","type":"product","link":"https:\/\/bellanetfiber.com.br\/multiuso\/product\/s-tampa-marmitex-isopor-102m-750ml\/","title":{"rendered":"S\/ TAMPA Marmitex isopor 102(M) 750ML"},"content":{"rendered":"<p>Cuidados:\u2022 N\u00e3o exponha \u00e0 fonte de calor direto ou indireto.\u2022 N\u00e3o utilize em forno ou micro-ondas.\u2022 N\u00e3o lav\u00e1vel nem reutiliz\u00e1vel.\u2022 Produto descart\u00e1vel.\u2022 Pode ser reciclado.<\/p>\n","protected":false},"excerpt":{"rendered":"<p>Bandeja de Isopor de 500 ML<br \/>&#8211; S\u00e3o embalagens utilizadas principalmente para acondicionar de alimentos como refei\u00e7\u00f5es, sandu\u00edches, sorvetes, sobremesas, saladas. Sejam eles alimentos frios, quentes, s\u00f3lidos ou l\u00edquidos, sem oferecer riscos.<br \/>&#8211; O alimento fica protegido na marmitex de isopor podendo ser transportado com seguran\u00e7a, pode ser utilizada por diversos estabelecimentos como restaurantes, lanchonetes, padarias, bares, sorveteria, cantinas e churrascarias.<br \/>-Esta embalagem de isopor \u00e9 totalmente at\u00f3xica e higi\u00eanica, podendo colocar o alimento diretamente sem risco de contamina\u00e7\u00e3o<\/p>\n","protected":false},"featured_media":177,"comment_status":"closed","ping_status":"closed","template":"","meta":[],"product_brand":[],"product_cat":[28],"product_tag":[],"class_list":{"0":"post-374","1":"product","2":"type-product","3":"status-publish","4":"has-post-thumbnail","6":"product_cat-marmitex","8":"first","9":"instock","10":"shipping-taxable","11":"purchasable","12":"product-type-simple"},"_links":{"self":[{"href":"https:\/\/bellanetfiber.com.br\/multiuso\/wp-json\/wp\/v2\/product\/374","targetHints":{"allow":["GET"]}}],"collection":[{"href":"https:\/\/bellanetfiber.com.br\/multiuso\/wp-json\/wp\/v2\/product"}],"about":[{"href":"https:\/\/bellanetfiber.com.br\/multiuso\/wp-json\/wp\/v2\/types\/product"}],"replies":[{"embeddable":true,"href":"https:\/\/bellanetfiber.com.br\/multiuso\/wp-json\/wp\/v2\/comments?post=374"}],"version-history":[{"count":1,"href":"https:\/\/bellanetfiber.com.br\/multiuso\/wp-json\/wp\/v2\/product\/374\/revisions"}],"predecessor-version":[{"id":75550,"href":"https:\/\/bellanetfiber.com.br\/multiuso\/wp-json\/wp\/v2\/product\/374\/revisions\/75550"}],"wp:featuredmedia":[{"embeddable":true,"href":"https:\/\/bellanetfiber.com.br\/multiuso\/wp-json\/wp\/v2\/media\/177"}],"wp:attachment":[{"href":"https:\/\/bellanetfiber.com.br\/multiuso\/wp-json\/wp\/v2\/media?parent=374"}],"wp:term":[{"taxonomy":"product_brand","embeddable":true,"href":"https:\/\/bellanetfiber.com.br\/multiuso\/wp-json\/wp\/v2\/product_brand?post=374"},{"taxonomy":"product_cat","embeddable":true,"href":"https:\/\/bellanetfiber.com.br\/multiuso\/wp-json\/wp\/v2\/product_cat?post=374"},{"taxonomy":"product_tag","embeddable":true,"href":"https:\/\/bellanetfiber.com.br\/multiuso\/wp-json\/wp\/v2\/product_tag?post=374"}],"curies":[{"name":"wp","href":"https:\/\/api.w.org\/{rel}","templated":true}]}}