
{"id":74215,"date":"2025-11-07T10:58:06","date_gmt":"2025-11-07T13:58:06","guid":{"rendered":"https:\/\/bellanetfiber.com.br\/multiuso\/?post_type=product&#038;p=74215"},"modified":"2026-01-05T12:02:13","modified_gmt":"2026-01-05T15:02:13","slug":"mini-pote-redondo-artic-cx300un-starpack-1-2","status":"publish","type":"product","link":"https:\/\/bellanetfiber.com.br\/multiuso\/product\/mini-pote-redondo-artic-cx300un-starpack-1-2\/","title":{"rendered":"MINI POTE REDONDO ARTIC CX300UN-STARPACK 1"},"content":{"rendered":"","protected":false},"excerpt":{"rendered":"<p>Mini Doce Redondo, Di\u00e2metro, Comprimento, Largura, Altura. Dimens\u00f5es Internas (mm). Dimens\u00f5es Externas (mm), 75, 75, 45. Quantidade por Caixa, 300.<\/p>\n","protected":false},"featured_media":309,"comment_status":"closed","ping_status":"closed","template":"","meta":[],"product_brand":[],"product_cat":[21],"product_tag":[],"class_list":{"0":"post-74215","1":"product","2":"type-product","3":"status-publish","4":"has-post-thumbnail","6":"product_cat-descartaveis","8":"first","9":"instock","10":"shipping-taxable","11":"purchasable","12":"product-type-simple"},"_links":{"self":[{"href":"https:\/\/bellanetfiber.com.br\/multiuso\/wp-json\/wp\/v2\/product\/74215","targetHints":{"allow":["GET"]}}],"collection":[{"href":"https:\/\/bellanetfiber.com.br\/multiuso\/wp-json\/wp\/v2\/product"}],"about":[{"href":"https:\/\/bellanetfiber.com.br\/multiuso\/wp-json\/wp\/v2\/types\/product"}],"replies":[{"embeddable":true,"href":"https:\/\/bellanetfiber.com.br\/multiuso\/wp-json\/wp\/v2\/comments?post=74215"}],"version-history":[{"count":1,"href":"https:\/\/bellanetfiber.com.br\/multiuso\/wp-json\/wp\/v2\/product\/74215\/revisions"}],"predecessor-version":[{"id":75875,"href":"https:\/\/bellanetfiber.com.br\/multiuso\/wp-json\/wp\/v2\/product\/74215\/revisions\/75875"}],"wp:featuredmedia":[{"embeddable":true,"href":"https:\/\/bellanetfiber.com.br\/multiuso\/wp-json\/wp\/v2\/media\/309"}],"wp:attachment":[{"href":"https:\/\/bellanetfiber.com.br\/multiuso\/wp-json\/wp\/v2\/media?parent=74215"}],"wp:term":[{"taxonomy":"product_brand","embeddable":true,"href":"https:\/\/bellanetfiber.com.br\/multiuso\/wp-json\/wp\/v2\/product_brand?post=74215"},{"taxonomy":"product_cat","embeddable":true,"href":"https:\/\/bellanetfiber.com.br\/multiuso\/wp-json\/wp\/v2\/product_cat?post=74215"},{"taxonomy":"product_tag","embeddable":true,"href":"https:\/\/bellanetfiber.com.br\/multiuso\/wp-json\/wp\/v2\/product_tag?post=74215"}],"curies":[{"name":"wp","href":"https:\/\/api.w.org\/{rel}","templated":true}]}}