
{"id":74312,"date":"2025-11-07T10:58:57","date_gmt":"2025-11-07T13:58:57","guid":{"rendered":"https:\/\/bellanetfiber.com.br\/multiuso\/?post_type=product&#038;p=74312"},"modified":"2026-01-05T12:02:54","modified_gmt":"2026-01-05T15:02:54","slug":"lustra-moveis-valencia-500-ml-2","status":"publish","type":"product","link":"https:\/\/bellanetfiber.com.br\/multiuso\/product\/lustra-moveis-valencia-500-ml-2\/","title":{"rendered":"LUSTRA M\u00d3VEIS VAL\u00caNCIA 500 ML"},"content":{"rendered":"","protected":false},"excerpt":{"rendered":"<p>Utilizado para dar brilho em m\u00f3veis de madeira.<\/p>\n","protected":false},"featured_media":515,"comment_status":"closed","ping_status":"closed","template":"","meta":[],"product_brand":[],"product_cat":[20],"product_tag":[],"class_list":{"0":"post-74312","1":"product","2":"type-product","3":"status-publish","4":"has-post-thumbnail","6":"product_cat-produtos-para-limpeza","8":"first","9":"instock","10":"shipping-taxable","11":"purchasable","12":"product-type-simple"},"_links":{"self":[{"href":"https:\/\/bellanetfiber.com.br\/multiuso\/wp-json\/wp\/v2\/product\/74312","targetHints":{"allow":["GET"]}}],"collection":[{"href":"https:\/\/bellanetfiber.com.br\/multiuso\/wp-json\/wp\/v2\/product"}],"about":[{"href":"https:\/\/bellanetfiber.com.br\/multiuso\/wp-json\/wp\/v2\/types\/product"}],"replies":[{"embeddable":true,"href":"https:\/\/bellanetfiber.com.br\/multiuso\/wp-json\/wp\/v2\/comments?post=74312"}],"version-history":[{"count":1,"href":"https:\/\/bellanetfiber.com.br\/multiuso\/wp-json\/wp\/v2\/product\/74312\/revisions"}],"predecessor-version":[{"id":75984,"href":"https:\/\/bellanetfiber.com.br\/multiuso\/wp-json\/wp\/v2\/product\/74312\/revisions\/75984"}],"wp:featuredmedia":[{"embeddable":true,"href":"https:\/\/bellanetfiber.com.br\/multiuso\/wp-json\/wp\/v2\/media\/515"}],"wp:attachment":[{"href":"https:\/\/bellanetfiber.com.br\/multiuso\/wp-json\/wp\/v2\/media?parent=74312"}],"wp:term":[{"taxonomy":"product_brand","embeddable":true,"href":"https:\/\/bellanetfiber.com.br\/multiuso\/wp-json\/wp\/v2\/product_brand?post=74312"},{"taxonomy":"product_cat","embeddable":true,"href":"https:\/\/bellanetfiber.com.br\/multiuso\/wp-json\/wp\/v2\/product_cat?post=74312"},{"taxonomy":"product_tag","embeddable":true,"href":"https:\/\/bellanetfiber.com.br\/multiuso\/wp-json\/wp\/v2\/product_tag?post=74312"}],"curies":[{"name":"wp","href":"https:\/\/api.w.org\/{rel}","templated":true}]}}