
{"id":74337,"date":"2025-11-07T10:59:07","date_gmt":"2025-11-07T13:59:07","guid":{"rendered":"https:\/\/bellanetfiber.com.br\/multiuso\/?post_type=product&#038;p=74337"},"modified":"2026-01-05T12:02:54","modified_gmt":"2026-01-05T15:02:54","slug":"sabonete-liquido-perolizado-5l-dove-2","status":"publish","type":"product","link":"https:\/\/bellanetfiber.com.br\/multiuso\/product\/sabonete-liquido-perolizado-5l-dove-2\/","title":{"rendered":"Sabonete Liquido Perolizado 5L-DOVE"},"content":{"rendered":"<p>Sabonete Liquido PerolizadoO Sabonete L\u00edquido Perolado Erva Doce Valencia 5 Litros \u00e9 ideal para higienizar suas m\u00e3os e outras partes do corpo. Com sua fragr\u00e2ncia de erva-doce Perolada, o sabonete pode ser utilizado em limpezas em geral. Previna-se de doen\u00e7as, bact\u00e9rias e v\u00edrus com o Sabonete L\u00edquido Valencia! PRINCIPAIS CARACTER\u00cdSTICAS Quantidade: 5 Litros Fragr\u00e2ncia: Erva-doce Marca: Valencia Higieniza e previne de doen\u00e7as CONTE\u00daDO DA EMBALAGEM 1 Gal\u00e3o de Sabonete L\u00edquido Perolado Erva Doce Valencia 5 Litros<\/p>\n","protected":false},"excerpt":{"rendered":"<p>Sabonete Liquido PerolizadoO Sabonete L\u00edquido Perolado Erva Doce Valencia 5 Litros \u00e9 ideal para higienizar suas m\u00e3os e outras partes<\/p>\n","protected":false},"featured_media":174,"comment_status":"closed","ping_status":"closed","template":"","meta":[],"product_brand":[],"product_cat":[20],"product_tag":[],"class_list":{"0":"post-74337","1":"product","2":"type-product","3":"status-publish","4":"has-post-thumbnail","6":"product_cat-produtos-para-limpeza","8":"first","9":"instock","10":"shipping-taxable","11":"purchasable","12":"product-type-simple"},"_links":{"self":[{"href":"https:\/\/bellanetfiber.com.br\/multiuso\/wp-json\/wp\/v2\/product\/74337","targetHints":{"allow":["GET"]}}],"collection":[{"href":"https:\/\/bellanetfiber.com.br\/multiuso\/wp-json\/wp\/v2\/product"}],"about":[{"href":"https:\/\/bellanetfiber.com.br\/multiuso\/wp-json\/wp\/v2\/types\/product"}],"replies":[{"embeddable":true,"href":"https:\/\/bellanetfiber.com.br\/multiuso\/wp-json\/wp\/v2\/comments?post=74337"}],"version-history":[{"count":1,"href":"https:\/\/bellanetfiber.com.br\/multiuso\/wp-json\/wp\/v2\/product\/74337\/revisions"}],"predecessor-version":[{"id":75982,"href":"https:\/\/bellanetfiber.com.br\/multiuso\/wp-json\/wp\/v2\/product\/74337\/revisions\/75982"}],"wp:featuredmedia":[{"embeddable":true,"href":"https:\/\/bellanetfiber.com.br\/multiuso\/wp-json\/wp\/v2\/media\/174"}],"wp:attachment":[{"href":"https:\/\/bellanetfiber.com.br\/multiuso\/wp-json\/wp\/v2\/media?parent=74337"}],"wp:term":[{"taxonomy":"product_brand","embeddable":true,"href":"https:\/\/bellanetfiber.com.br\/multiuso\/wp-json\/wp\/v2\/product_brand?post=74337"},{"taxonomy":"product_cat","embeddable":true,"href":"https:\/\/bellanetfiber.com.br\/multiuso\/wp-json\/wp\/v2\/product_cat?post=74337"},{"taxonomy":"product_tag","embeddable":true,"href":"https:\/\/bellanetfiber.com.br\/multiuso\/wp-json\/wp\/v2\/product_tag?post=74337"}],"curies":[{"name":"wp","href":"https:\/\/api.w.org\/{rel}","templated":true}]}}