
{"id":74454,"date":"2025-11-07T10:59:41","date_gmt":"2025-11-07T13:59:41","guid":{"rendered":"https:\/\/bellanetfiber.com.br\/multiuso\/?post_type=product&#038;p=74454"},"modified":"2026-01-05T12:39:36","modified_gmt":"2026-01-05T15:39:36","slug":"acoplado-hambuguer-30x38-400-fl-dalpack-2","status":"publish","type":"product","link":"https:\/\/bellanetfiber.com.br\/multiuso\/product\/acoplado-hambuguer-30x38-400-fl-dalpack-2\/","title":{"rendered":"ACOPLADO HAMBUGUER 30&#215;38 400 FL-DALPACK"},"content":{"rendered":"<p>O papel acoplado \u00e9 ideal para manter frescor aos alimentos, proteger eles deixando-os sempre saborosos e de forma agrad\u00e1vel. \u00c9 um material bonito e perfeito para embalar seu alimento, como um lanche comum ou hamb\u00farguer. \u2022 O desenho pode ser embalado de forma simples, com um desenho abstrato voc\u00ea n\u00e3o precisa se preocupar em ajustar perfeitamente o lanche ao centro. \u2022 Impress\u00e3o de alta qualidade Flexogr\u00e1fica. \u2022 Possui Pel\u00edcula protetora que ret\u00e9m a gordura. \u2022 Melhor Qualidade de impress\u00e3o. \u2022 Melhor Custo Benef\u00edcio. Especifica\u00e7\u00f5es sobre o Produto: \u2022 Papel Acoplado 25g &#8211; Papel com espessura ideal para embrulhar laches, fornece firmeza e seguran\u00e7a para seu alimento embalado \u2022 Pl\u00e1stico Polietileno &#8211; Material pr\u00f3prio para contato direto com o alimento, ret\u00e9m a gordura.<\/p>\n","protected":false},"excerpt":{"rendered":"<p style=\"margin: 0px;padding: 0px;font-family: Muli\"><span style=\"margin: 0px;padding: 0px;font-size: 14px\"><strong style=\"margin: 0px;padding: 0px\">PAPEL ACOPLADO 25g PARA LANCHES, 400 UNIDADES &#8211; EMBALAGEM P\/ AL\u00cdMENTOS<\/strong><br style=\"margin: 0px;padding: 0px\" \/>(1 CAIXA COM 400 UNIDADES)<\/span><\/p>\n<p style=\"margin: 0px;padding: 0px;font-family: Muli\"><span style=\"margin: 0px;padding: 0px;font-size: 14px\">Dimens\u00f5es:<\/span><\/p>\n<p>Altura: 30 cm<br \/>\nLargura: 38 cm<br \/>\nGramatura = 25g<\/p>\n<p><span style=\"margin: 0px;padding: 0px;font-size: 14px\">\u00a0<\/span><\/p>\n","protected":false},"featured_media":242,"comment_status":"closed","ping_status":"closed","template":"","meta":[],"product_brand":[],"product_cat":[23],"product_tag":[],"class_list":{"0":"post-74454","1":"product","2":"type-product","3":"status-publish","4":"has-post-thumbnail","6":"product_cat-embalagens","8":"first","9":"instock","10":"shipping-taxable","11":"purchasable","12":"product-type-simple"},"_links":{"self":[{"href":"https:\/\/bellanetfiber.com.br\/multiuso\/wp-json\/wp\/v2\/product\/74454","targetHints":{"allow":["GET"]}}],"collection":[{"href":"https:\/\/bellanetfiber.com.br\/multiuso\/wp-json\/wp\/v2\/product"}],"about":[{"href":"https:\/\/bellanetfiber.com.br\/multiuso\/wp-json\/wp\/v2\/types\/product"}],"replies":[{"embeddable":true,"href":"https:\/\/bellanetfiber.com.br\/multiuso\/wp-json\/wp\/v2\/comments?post=74454"}],"version-history":[{"count":1,"href":"https:\/\/bellanetfiber.com.br\/multiuso\/wp-json\/wp\/v2\/product\/74454\/revisions"}],"predecessor-version":[{"id":76079,"href":"https:\/\/bellanetfiber.com.br\/multiuso\/wp-json\/wp\/v2\/product\/74454\/revisions\/76079"}],"wp:featuredmedia":[{"embeddable":true,"href":"https:\/\/bellanetfiber.com.br\/multiuso\/wp-json\/wp\/v2\/media\/242"}],"wp:attachment":[{"href":"https:\/\/bellanetfiber.com.br\/multiuso\/wp-json\/wp\/v2\/media?parent=74454"}],"wp:term":[{"taxonomy":"product_brand","embeddable":true,"href":"https:\/\/bellanetfiber.com.br\/multiuso\/wp-json\/wp\/v2\/product_brand?post=74454"},{"taxonomy":"product_cat","embeddable":true,"href":"https:\/\/bellanetfiber.com.br\/multiuso\/wp-json\/wp\/v2\/product_cat?post=74454"},{"taxonomy":"product_tag","embeddable":true,"href":"https:\/\/bellanetfiber.com.br\/multiuso\/wp-json\/wp\/v2\/product_tag?post=74454"}],"curies":[{"name":"wp","href":"https:\/\/api.w.org\/{rel}","templated":true}]}}