
{"id":74482,"date":"2025-11-07T10:59:48","date_gmt":"2025-11-07T13:59:48","guid":{"rendered":"https:\/\/bellanetfiber.com.br\/multiuso\/?post_type=product&#038;p=74482"},"modified":"2026-01-05T12:02:53","modified_gmt":"2026-01-05T15:02:53","slug":"solopan-limpa-chassis-5l-2","status":"publish","type":"product","link":"https:\/\/bellanetfiber.com.br\/multiuso\/product\/solopan-limpa-chassis-5l-2\/","title":{"rendered":"Solopan (LIMPA CHASSIS) &#8211; 5L"},"content":{"rendered":"<p>Maiores Benef\u00edcios:- Remove manchas de graxa- Remove machas de \u00f3leo- Limpa e desengraxa- Limpeza pesada de sujeiras incrustadas- Limpeza de superf\u00edcies<\/p>\n","protected":false},"excerpt":{"rendered":"<p>O Desengraxante Valencia \u00e9 um produto, desenvolvido para limpeza pesada de manchas de graxa, \u00f3leo e sujeiras incrustadas. Por conter uma f\u00f3rmula potente, proporciona uma limpeza mais eficiente e economica, h\u00e1 anos no mercado \u00e9 um produto que sempre atendeu as necessidades de estabelecimentos como:<br \/>\n&#8211; Mec\u00e2nicas, Centros automotivos, Borracharias etc&#8230;<\/p>\n","protected":false},"featured_media":179,"comment_status":"closed","ping_status":"closed","template":"","meta":[],"product_brand":[],"product_cat":[20],"product_tag":[],"class_list":{"0":"post-74482","1":"product","2":"type-product","3":"status-publish","4":"has-post-thumbnail","6":"product_cat-produtos-para-limpeza","8":"first","9":"instock","10":"shipping-taxable","11":"purchasable","12":"product-type-simple"},"_links":{"self":[{"href":"https:\/\/bellanetfiber.com.br\/multiuso\/wp-json\/wp\/v2\/product\/74482","targetHints":{"allow":["GET"]}}],"collection":[{"href":"https:\/\/bellanetfiber.com.br\/multiuso\/wp-json\/wp\/v2\/product"}],"about":[{"href":"https:\/\/bellanetfiber.com.br\/multiuso\/wp-json\/wp\/v2\/types\/product"}],"replies":[{"embeddable":true,"href":"https:\/\/bellanetfiber.com.br\/multiuso\/wp-json\/wp\/v2\/comments?post=74482"}],"version-history":[{"count":1,"href":"https:\/\/bellanetfiber.com.br\/multiuso\/wp-json\/wp\/v2\/product\/74482\/revisions"}],"predecessor-version":[{"id":75802,"href":"https:\/\/bellanetfiber.com.br\/multiuso\/wp-json\/wp\/v2\/product\/74482\/revisions\/75802"}],"wp:featuredmedia":[{"embeddable":true,"href":"https:\/\/bellanetfiber.com.br\/multiuso\/wp-json\/wp\/v2\/media\/179"}],"wp:attachment":[{"href":"https:\/\/bellanetfiber.com.br\/multiuso\/wp-json\/wp\/v2\/media?parent=74482"}],"wp:term":[{"taxonomy":"product_brand","embeddable":true,"href":"https:\/\/bellanetfiber.com.br\/multiuso\/wp-json\/wp\/v2\/product_brand?post=74482"},{"taxonomy":"product_cat","embeddable":true,"href":"https:\/\/bellanetfiber.com.br\/multiuso\/wp-json\/wp\/v2\/product_cat?post=74482"},{"taxonomy":"product_tag","embeddable":true,"href":"https:\/\/bellanetfiber.com.br\/multiuso\/wp-json\/wp\/v2\/product_tag?post=74482"}],"curies":[{"name":"wp","href":"https:\/\/api.w.org\/{rel}","templated":true}]}}