
{"id":74531,"date":"2025-11-07T11:00:01","date_gmt":"2025-11-07T14:00:01","guid":{"rendered":"https:\/\/bellanetfiber.com.br\/multiuso\/?post_type=product&#038;p=74531"},"modified":"2026-01-05T12:02:52","modified_gmt":"2026-01-05T15:02:52","slug":"cloro-12-20l-2","status":"publish","type":"product","link":"https:\/\/bellanetfiber.com.br\/multiuso\/product\/cloro-12-20l-2\/","title":{"rendered":"CLORO 12% 20L"},"content":{"rendered":"<p>CLORO 10% VAL\u00caNCIA 5L. CARACTER\u00cdSTICAS F\u00cdSICO-QU\u00cdMICAS FINALIDADE DE USO: Limpeza de pias, banheiras, vasos sanit\u00e1rios, pisos de cer\u00e2mica, azulejos, caixa d \u0301\u00e1gua e alvejante de roupas e tecidos. INSTRU\u00c7\u00d5ES DE USO: Adicione 100ml de cloro a cada 1lt de \u00e1gua para remover manchas, desinfetar e desodorizar. LIMPAR E DESINFECTAR CAIXA D \u0301\u00c1GUA: Esvazie a caixa, limpe as paredes e o fundo esfregando com uma esponja (sem nenhum produto), em seguida encha a caixa d \u0301\u00e1gua adicione 2lts de cloro para cada 1.000lts de \u00e1gua, deixe agir por 2 horas. Esvazie novamente a caixa enchendo-a em seguida. PRECAU\u00c7\u00d5ES DE USO: Evitar o contato com os olhos e pele. Evitar a inala\u00e7\u00e3o do produto. N\u00e3o usar o recipiente em objetos metalizados. Lavar os objetos e utens\u00edlios usados antes de reutiliz\u00e1-los. Acidentes &#8211; Em caso de contato com a pele lave com \u00e1gua corrente em abund\u00e2ncia, Persistindo a irrita\u00e7\u00e3o, procure um m\u00e9dico. Em caso de contato com os olhos, lave com \u00e1gua corrente em abund\u00e2ncia por 15min. Procure um m\u00e9dico. Em caso de ingest\u00e3o acidental n\u00e3o provocar v\u00f4mito. Consultar imediatamente o Centro de Intoxica\u00e7\u00e3o ou Centro M\u00e9dico. Sempre que poss\u00edvel levar o r\u00f3tulo da embalagem do produto. N\u00e3o d\u00ea nada a uma pessoa inconsciente. Conserva\u00e7\u00e3o &#8211; A qualidade do produto ser\u00e1 mantida protegendo o frasco do sol e calor. Mantenha fora do alcance das crian\u00e7as e animais dom\u00e9sticos. N\u00e3o misture com produtos \u00e0 base de am\u00f4nia. Mantenha o produto no frasco. N\u00e3o reutilizar a embalagem para outros fins. COMPOSI\u00c7\u00c3O: Hipoclorito de s\u00f3dio, carbonato de s\u00f3dio e \u00e1gua, cloro ativo de 2,0.<\/p>\n","protected":false},"excerpt":{"rendered":"<p><\/p>\n","protected":false},"featured_media":72,"comment_status":"closed","ping_status":"closed","template":"","meta":[],"product_brand":[],"product_cat":[20],"product_tag":[],"class_list":{"0":"post-74531","1":"product","2":"type-product","3":"status-publish","4":"has-post-thumbnail","6":"product_cat-produtos-para-limpeza","8":"first","9":"instock","10":"shipping-taxable","11":"purchasable","12":"product-type-simple"},"_links":{"self":[{"href":"https:\/\/bellanetfiber.com.br\/multiuso\/wp-json\/wp\/v2\/product\/74531","targetHints":{"allow":["GET"]}}],"collection":[{"href":"https:\/\/bellanetfiber.com.br\/multiuso\/wp-json\/wp\/v2\/product"}],"about":[{"href":"https:\/\/bellanetfiber.com.br\/multiuso\/wp-json\/wp\/v2\/types\/product"}],"replies":[{"embeddable":true,"href":"https:\/\/bellanetfiber.com.br\/multiuso\/wp-json\/wp\/v2\/comments?post=74531"}],"version-history":[{"count":1,"href":"https:\/\/bellanetfiber.com.br\/multiuso\/wp-json\/wp\/v2\/product\/74531\/revisions"}],"predecessor-version":[{"id":75792,"href":"https:\/\/bellanetfiber.com.br\/multiuso\/wp-json\/wp\/v2\/product\/74531\/revisions\/75792"}],"wp:featuredmedia":[{"embeddable":true,"href":"https:\/\/bellanetfiber.com.br\/multiuso\/wp-json\/wp\/v2\/media\/72"}],"wp:attachment":[{"href":"https:\/\/bellanetfiber.com.br\/multiuso\/wp-json\/wp\/v2\/media?parent=74531"}],"wp:term":[{"taxonomy":"product_brand","embeddable":true,"href":"https:\/\/bellanetfiber.com.br\/multiuso\/wp-json\/wp\/v2\/product_brand?post=74531"},{"taxonomy":"product_cat","embeddable":true,"href":"https:\/\/bellanetfiber.com.br\/multiuso\/wp-json\/wp\/v2\/product_cat?post=74531"},{"taxonomy":"product_tag","embeddable":true,"href":"https:\/\/bellanetfiber.com.br\/multiuso\/wp-json\/wp\/v2\/product_tag?post=74531"}],"curies":[{"name":"wp","href":"https:\/\/api.w.org\/{rel}","templated":true}]}}