
{"id":74540,"date":"2025-11-07T11:00:01","date_gmt":"2025-11-07T14:00:01","guid":{"rendered":"https:\/\/bellanetfiber.com.br\/multiuso\/?post_type=product&#038;p=74540"},"modified":"2026-03-24T09:37:55","modified_gmt":"2026-03-24T12:37:55","slug":"detergente-25l-2","status":"publish","type":"product","link":"https:\/\/bellanetfiber.com.br\/multiuso\/product\/detergente-25l-2\/","title":{"rendered":"DETERGENTE 25L"},"content":{"rendered":"<p>Detergente Lava Lou\u00e7as Neutro Val\u00eancia &#8211; Gal\u00e3o Com 5 LitrosProduto utilizado para lavagem de lou\u00e7as em geral. Tamb\u00e9m pode ser usado na lavagem de pisos, azulejos, pe\u00e7as sanit\u00e1rias e outros. INSTRU\u00c7\u00d5ES DE USO: Aplique um pouco de detergente neutro em uma esponja umidecida e esfregue sobre a superf\u00edcie a ser limpa, enxague em seguida. PRECAU\u00c7\u00d5ES DE USO: Manter o produto longe do alcance de crian\u00e7as e animais dom\u00e9sticos. Em contato com os olhos, lave -os com bastante \u00e1gua corrente. Se houver ingest\u00e3o acidental, n\u00e3o provoque v\u00f4mito. Beba bastante \u00e1gua e procure o centro de desintoxica\u00e7\u00e3o. Composi\u00e7\u00e3o: \u00c1cido Alquil Benzeno Sul\u00f4nico, Lauril \u00c9ter Aulfato de S\u00f3dio, Coco amido propil Betaina, Coadjuvante, Conservante, Espessante Corante e \u00e1gua.<\/p>\n","protected":false},"excerpt":{"rendered":"<p><\/p>\n","protected":false},"featured_media":64,"comment_status":"closed","ping_status":"closed","template":"","meta":[],"product_brand":[],"product_cat":[20],"product_tag":[],"class_list":{"0":"post-74540","1":"product","2":"type-product","3":"status-publish","4":"has-post-thumbnail","6":"product_cat-produtos-para-limpeza","8":"first","9":"instock","10":"shipping-taxable","11":"purchasable","12":"product-type-simple"},"_links":{"self":[{"href":"https:\/\/bellanetfiber.com.br\/multiuso\/wp-json\/wp\/v2\/product\/74540","targetHints":{"allow":["GET"]}}],"collection":[{"href":"https:\/\/bellanetfiber.com.br\/multiuso\/wp-json\/wp\/v2\/product"}],"about":[{"href":"https:\/\/bellanetfiber.com.br\/multiuso\/wp-json\/wp\/v2\/types\/product"}],"replies":[{"embeddable":true,"href":"https:\/\/bellanetfiber.com.br\/multiuso\/wp-json\/wp\/v2\/comments?post=74540"}],"version-history":[{"count":1,"href":"https:\/\/bellanetfiber.com.br\/multiuso\/wp-json\/wp\/v2\/product\/74540\/revisions"}],"predecessor-version":[{"id":75799,"href":"https:\/\/bellanetfiber.com.br\/multiuso\/wp-json\/wp\/v2\/product\/74540\/revisions\/75799"}],"wp:featuredmedia":[{"embeddable":true,"href":"https:\/\/bellanetfiber.com.br\/multiuso\/wp-json\/wp\/v2\/media\/64"}],"wp:attachment":[{"href":"https:\/\/bellanetfiber.com.br\/multiuso\/wp-json\/wp\/v2\/media?parent=74540"}],"wp:term":[{"taxonomy":"product_brand","embeddable":true,"href":"https:\/\/bellanetfiber.com.br\/multiuso\/wp-json\/wp\/v2\/product_brand?post=74540"},{"taxonomy":"product_cat","embeddable":true,"href":"https:\/\/bellanetfiber.com.br\/multiuso\/wp-json\/wp\/v2\/product_cat?post=74540"},{"taxonomy":"product_tag","embeddable":true,"href":"https:\/\/bellanetfiber.com.br\/multiuso\/wp-json\/wp\/v2\/product_tag?post=74540"}],"curies":[{"name":"wp","href":"https:\/\/api.w.org\/{rel}","templated":true}]}}